{"id":3,"date":"2020-08-11T11:05:28","date_gmt":"2020-08-11T09:05:28","guid":{"rendered":"https:\/\/www.jmenu.it\/takeaway-delivery-per-ristoranti-pizzerie\/?page_id=3"},"modified":"2020-10-26T15:46:55","modified_gmt":"2020-10-26T14:46:55","slug":"privacy-e-cookie-policy","status":"publish","type":"page","link":"https:\/\/www.jmenu.it\/takeaway-delivery-per-ristoranti-pizzerie\/privacy-e-cookie-policy\/","title":{"rendered":"Privacy e Cookie Policy"},"content":{"rendered":"<h2>Informativa estesa sulla Privacy e sui Cookie<\/h2>\n<h4>Questa informativa \u00e8 fornita, ai sensi dell\u2019art. 13 del d.lgs. n. 196\/2003 e dell\u2019art. 13 Regolamento UE n. 2016\/679 (GDPR General Data Protection Regulation) agli utenti che interagiscono con il sito web.<\/h4>\n<p>Questo sito web raccoglie alcuni dati personali dei propri utenti.<br \/>\nIn questo documento si descrivono le modalit\u00e0 di gestione del sito in riferimento al trattamento dei dati personali degli utenti che lo consultano.<br \/>\nL\u2019informativa \u00e8 resa solo per il sito in questione e non per altri siti web eventualmente consultati dall\u2019utente tramite link, e riguarda la raccolta di dati personali online, e, in particolare, le modalit\u00e0, i tempi e la natura delle informazioni che i titolari del trattamento devono fornire agli utenti quando questi si collegano a pagine web, indipendentemente dagli scopi del collegamento.<\/p>\n<p>Riguardo ai cookie, la presente policy ha lo scopo specifico di illustrare la finalit\u00e0 e le modalit\u00e0 del trattamento dei cookie, la natura obbligatoria o facoltativa del conferimento dei dati, i soggetti che possono venirne a conoscenza in qualit\u00e0 di responsabili o incaricati, i diritti dell\u2019interessato e gli estremi identificativi del titolare del trattamento dei dati, come richiesto dal regolamento europeo, recante &#8220;Individuazione delle modalit\u00e0 semplificate per l&#8217;informativa e l&#8217;acquisizione del consenso per l&#8217;uso dei cookie&#8221;.<\/p>\n<p><strong>Trattamento dei Dati Personali<\/strong><\/p>\n<p>I dati personali e i dati di navigazione raccolti automaticamente dal presente sito web, anche mediante sistemi automatizzati o inseriti volontariamente dall\u2019utente o dall\u2019interessato, sono raccolti per le finalit\u00e0 e sono trattati secondo le modalit\u00e0 di seguito riportate.<\/p>\n<p><strong>Titolare del Trattamento dei Dati<\/strong><\/p>\n<p><strong>JMENU\u00ae di propriet\u00e0 di XPLAY Agenzia Web e di HTML Planet<\/strong><br \/>\n<strong>Sede legale in Str. Rovigana 32M &#8211; 35043 Monselice PADOVA<\/strong><br \/>\nTelefono: (+39) 339 587 8080 &#8211; E-Mail: info@jmenu.it<br \/>\nP.Iva <strong>IT03963410281<br \/>\n<\/strong><\/p>\n<p><strong>Tipologie di Dati<\/strong><\/p>\n<p>I dati che potrebbero essere raccolti dal presente sito possono essere il nome, cognome, indirizzo, numero di telefono, l\u2019email, fax, codice fiscale, indirizzo IP, pagina web di provenienza del visitatore (<span class=\"highlight selected\">referral<\/span>) e altri dati riferibili alle generalit\u00e0 dell\u2019utente o alle modalit\u00e0 tecniche di accesso dell\u2019utente al sito (cookie e tecnologie simili). I dati di navigazione utili per l\u2019utilizzo tecnico del sito, sono raccolti necessariamente e il loro conferimento non \u00e8 facoltativo. L\u2019utente pu\u00f2 fornire i restanti dati, anche personali, liberamente, ove non espressamente indicato.<\/p>\n<p><strong>Dati forniti volontariamente dall&#8217;utente<\/strong><\/p>\n<p>L\u2019invio volontario ed esplicito di richieste tramite moduli web o per posta elettronica agli indirizzi indicati nei differenti canali di accesso di questo sito comporta la successiva acquisizione delle informazioni e dei dati del mittente\/utente, necessari per rispondere alle istanze prodotte e\/o erogare il servizio richiesto. Si assicura, tuttavia, che tale trattamento sar\u00e0 improntato ai principi di correttezza, liceit\u00e0 e trasparenza e di tutela della riservatezza come indicato nel GDPR.<\/p>\n<p><strong>Modalit\u00e0 del Trattamento dei Dati<\/strong><\/p>\n<p>I dati personali sono trattati con strumenti automatizzati per il tempo strettamente necessario a conseguire gli scopi per cui sono raccolti nel rispetto dei principi di liceit\u00e0, limitazione delle finalit\u00e0 e minimizzazione dei dati, ai sensi dell\u2019art. 5 del GDPR e nel rispetto dei tempi obbligatori prescritti dalla legge. Specifiche misure di sicurezza sono osservate per prevenire la perdita dei dati, usi illeciti o non corretti ed accessi non autorizzati. Oltre al titolare, in alcuni casi, potrebbero avere accesso ai dati categorie di incaricati coinvolti nell\u2019organizzazione aziendale del sito (personale amministrativo, commerciale, marketing, legali, amministratori di sistema) ovvero soggetti esterni (come fornitori di servizi tecnici terzi, corrieri postali, hosting provider, societ\u00e0 informatiche, agenzie di comunicazione) nominati anche, se necessario, responsabili dal titolare del trattamento.<br \/>\nL\u2019elenco aggiornato dei responsabili potr\u00e0 sempre essere richiesto al titolare del trattamento, rivolgendosi all\u2019indirizzo indicato sopra.<\/p>\n<p><strong>Finalit\u00e0 del Trattamento dei Dati raccolti<\/strong><\/p>\n<p>I dati dell\u2019utente o dell\u2019interessato, dopo esplicito consenso, possono essere raccolti e usati per consentire:<br \/>\n\u2022 l\u2019erogazione del servizio o la consegna dei beni acquistati sul sito e pi\u00f9 in generale per finalit\u00e0 amministrativo-contabili o tecniche;<br \/>\n\u2022 la risposta a specifiche richieste informative dell\u2019utente;<br \/>\n\u2022 l\u2019aggiornamento dell\u2019utente sui nuovi prodotti o servizi erogati dal sito o in relazione a particolari offerte commerciali;<br \/>\n\u2022 l\u2019informazione dell\u2019utente in occasione di manutenzione sul sito o di eventuali disservizi;<br \/>\n\u2022 la difesa da parte del titolare del sito, in giudizio o nelle fasi propedeutiche alla sua eventuale instaurazione, da abusi nell\u2019utilizzo dello stesso o dei servizi connessi da parte dell\u2019utente.<\/p>\n<p><strong>Periodo di Conservazione dei Dati<\/strong><\/p>\n<p>Al termine della prestazione o della fornitura del servizio, i dati personali saranno conservati esclusivamente per scopi storici o statistici, in conformit\u00e0 alla legge, ai regolamenti, alla normativa comunitaria e ai codici di deontologia e di buona condotta sottoscritti ai sensi dell\u2019articolo 40 del Reg. UE 2016\/679, per un periodo come da normativa vigente (di solito 10 anni), oppure, nel caso non siano soggetti ad alcuna legge, per un periodo non superiore a cinque anni. Oltre tale periodo, i dati personali saranno conservati in forma anonima, oppure saranno distrutti.<\/p>\n<p><strong>Diritti degli Interessati<\/strong><\/p>\n<p>Le persone fisiche, le persone giuridiche, gli enti o le associazioni, cui si riferiscono i dati hanno il diritto, in qualunque momento, di ottenere la conferma dell\u2019esistenza o meno dei medesimi dati e di conoscerne il contenuto e l\u2019origine, verificarne l\u2019esattezza o chiederne l\u2019integrazione o l\u2019aggiornamento, oppure la rettificazione ai sensi Reg.to UE 2016\/679: Art. 15, 16, 17, 18, 19, 20, 21, 22 &#8211; Diritti dell&#8217;Interessato. Ai sensi dei medesimi articoli gli interessati hanno altres\u00ec il diritto di chiedere la cancellazione, la trasformazione in forma anonima o il blocco dei dati che li riguardano, trattati in violazione di legge, nonch\u00e9 di opporsi in ogni caso, per motivi legittimi, al loro trattamento.<br \/>\n<em>Le richieste vanno rivolte al <strong>Titolare del Trattamento dei Dati<\/strong>.<\/em><\/p>\n<h1>Politica dei Cookie<\/h1>\n<p><strong>Definizione di cookie<\/strong><\/p>\n<p>I cookie sono brevi frammenti di testo (lettere e\/o numeri) che permettono al server web di memorizzare sul client (il <em>browser<\/em>) informazioni da riutilizzare nel corso della medesima visita al sito (cookie di sessione) o in seguito, anche a distanza di giorni (cookie persistenti). I cookie vengono memorizzati, in base alle preferenze dell&#8217;utente, dal singolo <em>browser<\/em> sullo specifico dispositivo utilizzato (PC, Tablet o Smartphone).<\/p>\n<p>Nel seguito di questo documento utilizzeremo il termine \u201ccookie\u201d con riferimento ai cookie e a tutte le tecnologie similari.<\/p>\n<h3>Tipologie di cookie<\/h3>\n<p>In base alle caratteristiche e all&#8217;utilizzo dei cookie possiamo distinguere diverse categorie:<\/p>\n<ul>\n<li><strong>Cookie tecnici<\/strong><br \/>\nSi tratta di cookie normalmente trasmessi in prima persona dal gestore del sito per finalit\u00e0 strettamente connesse al buon e corretto funzionamento del sito stesso. Questo tipo di cookie non costituisce uno strumento tecnicamente idoneo ad incidere sulla riservatezza della navigazione dell\u2019utente.<\/li>\n<\/ul>\n<p>Questa famiglia di cookie comprende:<\/p>\n<ul>\n<li style=\"list-style-type: none;\">\n<ul>\n<li><strong>Cookie di navigazione (o di sessione)<\/strong><br \/>\nSi tratta di cookie necessari per garantire la fruizione sicura ed efficiente del sito web e dei suoi servizi permettendo, ad esempio, di autenticarsi ad aree riservate o di effettuare un acquisto. Essi si cancellano al termine della \u201csessione\u201d di navigazione dell\u2019utente (da cui il nome) con la chiusura del browser.<\/li>\n<li><strong>Cookie funzionali<\/strong><br \/>\nQuesti cookie, pur non essendo essenziali, migliorano la funzionalit\u00e0 del sito in quanto consentono all&#8217;utente di esprimere delle preferenze persistenti circa alcuni aspetti della navigazione (ad esempio selezionare la lingua o memorizzare alcuni prodotti preferiti all&#8217;interno di un e-commerce). La loro disattivazione compromette l&#8217;utilizzo dei servizi accessibili da <em>login<\/em>. La parte pubblica del sito web resta normalmente utilizzabile.<\/li>\n<\/ul>\n<\/li>\n<\/ul>\n<p><strong>Nel sito web i cookie persistenti non sono utilizzati per finalit\u00e0 promozionali o per effettuare attivit\u00e0 di tracciamento dell&#8217;utente.<\/strong><\/p>\n<ul>\n<li style=\"list-style-type: none;\">\n<ul>\n<li><strong>Cookie di Analytics (o statistici)<\/strong><br \/>\nSono i cookie utilizzati per raccogliere ed analizzare informazioni statistiche sugli accessi\/le visite al sito web. Nel sito web i cookie statistici non vengono utilizzati per monitorare o per raccogliere informazioni personali di identificazione o per tracciare il comportamento dell\u2019utente. La disattivazione di tali cookie pu\u00f2 essere eseguita senza alcuna perdita di funzionalit\u00e0.<\/li>\n<\/ul>\n<\/li>\n<li><strong>Cookie di profilazione<\/strong><br \/>\nSi tratta di cookie permanenti utilizzati per identificare (in modo anonimo e non) le preferenze dell&#8217;utente e migliorare la sua esperienza di navigazione<strong>. Il sito web non utilizza cookie di questo tipo.<\/strong><\/li>\n<\/ul>\n<p>I cookie a loro volta possono essere:<\/p>\n<ul>\n<li>di \u201cprima parte\u201d quando sono gestiti direttamente dal proprietario e\/o responsabile\/gestore del sito web;<\/li>\n<li>di \u201cterza parte\u201d quando i cookie sono predisposti e gestiti da terzi che non siano il proprietario e\/o gestore del sito web visitato dall\u2019utente. Ci\u00f2 accade perch\u00e9 sul sito possono essere inseriti elementi come, ad esempio, immagini, mappe, suoni, specifici link o appositi codici al fine di integrare funzionalit\u00e0 ulteriori offerte da terze parti.<\/li>\n<\/ul>\n<p>A fronte della suddetta classificazione, si precisa che il sito web utilizza esclusivamente cookie tecnici strettamente necessari per il corretto funzionamento del sito. Non utilizza invece cookie di profilazione, per i quali diventa necessaria la comunicazione preventiva al Garante Privacy e l\u2019acquisizione preventiva del libero consenso informato dell\u2019utente.<\/p>\n<p><strong>Le tipologie di Cookie o di strumenti terzi che potrebbero essere presenti nel sito<\/strong><\/p>\n<p>Tramite il presente sito sono messi a disposizione degli utenti alcuni servizi forniti da terzi, per i quali pu\u00f2 essere prevista la raccolta e l\u2019uso delle informazioni da parte di tali terzi oppure l\u2019installazione di cookie.<\/p>\n<p>L\u2019utente pu\u00f2 condividere le informazioni e i Dati forniti al Sito con i social network sui quali \u00e8 registrato, accettandone le rispettive privacy policy, e questo, a seconda dei casi, potrebbe comportare la comunicazione o la diffusione dei Dati verso soggetti terzi.<\/p>\n<p>Riguardo i cookie installati da terze parti, questi ultimi ricadono sotto la diretta ed esclusiva responsabilit\u00e0 dello stesso gestore che dovr\u00e0 fornire all\u2019utente una propria informativa estesa sull\u2019utilizzo dei propri cookie e consentirne, laddove richiesto, la disabilitazione. Pertanto, si consiglia di prendere visione delle privacy\/cookie policy di tali soggetti terzi cos\u00ec come nel seguito elencate.<\/p>\n<h3>Interazione con social network e piattaforme esterne<\/h3>\n<p>Si tratta di parti della pagina visitata dall\u2019utente generata direttamente da siti esterni ed integrati nella pagina del sito ospitante. L&#8217;utilizzo pi\u00f9 comune dei plugin sociali \u00e8 finalizzato alla condivisione dei contenuti sui social network. La presenza di questi plugin comporta la trasmissione di cookie da e verso tutti i siti gestiti da terze parti. La gestione delle informazioni raccolte da \u201cterze parti\u201d \u00e8 disciplinata dalle relative informative cui si prega di fare riferimento.<\/p>\n<p><strong>Pulsante Tweet e plugin sociali di Twitter (Twitter, Inc.)<\/strong><\/p>\n<p>Il pulsante Tweet e i plugin sociali di Twitter sono servizi di interazione con il social network Twitter, forniti da Twitter, Inc.<br \/>\nDati personali raccolti: Cookie e Dati di utilizzo.<br \/>\nLuogo del trattamento : USA \u2013 <a href=\"http:\/\/twitter.com\/privacy\" target=\"_blank\" rel=\"noopener\">Privacy Policy<\/a><\/p>\n<p><strong>Pulsante Mi Piace e widget sociali di Facebook (Facebook, Inc.)<\/strong><\/p>\n<p>Il pulsante \u201cMi Piace\u201d e i widget sociali di Facebook sono servizi di interazione con il social network Facebook, forniti da Facebook, Inc.<br \/>\nDati personali raccolti: Cookie e Dati di utilizzo.<br \/>\nLuogo del trattamento : USA \u2013 <a href=\"http:\/\/www.facebook.com\/privacy\/explanation.php\" target=\"_blank\" rel=\"noopener\">Privacy Policy<\/a><\/p>\n<p><strong>Pulsante \u201cLinkedIn\u201d e widget sociali di LinkedIn<\/strong><\/p>\n<p>Il pulsante e il plugin sociale di LinkedIn sono servizi di interazione con la piattaforma LinkedIn, forniti da LinkedIn Corporation.<br \/>\nDati personali raccolti: Cookie e Dati di utilizzo.<br \/>\nLuogo del trattamento : USA \u2013 <a href=\"https:\/\/it.linkedin.com\/legal\/privacy-policy\" target=\"_blank\" rel=\"noopener\">Privacy Policy<\/a><\/p>\n<h3>Sistemi di analisi Statistica<\/h3>\n<p>I servizi contenuti nella presente sezione permettono al Titolare del Trattamento di monitorare e analizzare i dati di traffico e servono a tener traccia del comportamento dell\u2019utente.<\/p>\n<p><strong>Google Analytics (Google Inc.)<\/strong><\/p>\n<p>Google Analytics \u00e8 un servizio di analisi del traffico web fornito da Google Inc. (\u201cGoogle\u201d).<\/p>\n<p>Google Analytics utilizza i &#8220;cookie&#8221; per raccogliere e analizzare in forma anonima le informazioni sui comportamenti di utilizzo del sito web (compreso l&#8217;indirizzo IP dell&#8217;utente). Tali informazioni vengono raccolte da Google Analytics, che le elabora allo scopo di redigere report riguardanti le attivit\u00e0 sui siti web stessi. Questo sito non utilizza (e non consente a terzi di utilizzare) lo strumento di analisi di Google per monitorare o per raccogliere informazioni personali di identificazione. Google non associa l&#8217;indirizzo IP a nessun altro dato posseduto da Google n\u00e9 cerca di collegare un indirizzo IP con l&#8217;identit\u00e0 di un utente. Google pu\u00f2 anche comunicare queste informazioni a terzi ove ci\u00f2 sia imposto dalla legge o laddove tali terzi trattino le suddette informazioni per conto di Google.<\/p>\n<p>Dati personali raccolti: Cookie e Dati di utilizzo.<br \/>\nLuogo del trattamento : USA \u2013 <a href=\"http:\/\/www.google.com\/intl\/it\/policies\/privacy\/\" target=\"_blank\" rel=\"noopener\">Privacy Policy<\/a><br \/>\nL\u2019utente pu\u00f2 decidere in qualsiasi momento di non essere tracciato provvedendo alla sua disattivazione con questo componente aggiuntivo del browser per la <a href=\"https:\/\/tools.google.com\/dlpage\/gaoptout?hl=it\" target=\"_blank\" rel=\"noopener\">disattivazione di Google Analytics<\/a><\/p>\n<h3>Visualizzazione dei contenuti da piattaforme esterne<\/h3>\n<p>Questi servizi permettono di visualizzare contenuti ospitati su piattaforme esterne direttamente dalle pagine di questo sito web e di interagire con essi.<br \/>\nNel caso in cui sia installato un servizio di questo tipo, \u00e8 possibile che, anche nel caso gli utenti non utilizzino il servizio, lo stesso raccolga dati di traffico relativi alle pagine in cui \u00e8 installato.<\/p>\n<p><strong>Video Vimeo (Vimeo LLC)<\/strong><\/p>\n<p>Vimeo \u00e8 un servizio di visualizzazione di contenuti video gestito da Vimeo, LLC che permette a questo spazio online di integrare tali contenuti all\u2019interno delle proprie pagine.<br \/>\nDati personali raccolti: Cookie e Dati di utilizzo.<br \/>\nLuogo del trattamento : USA \u2013 <a href=\"http:\/\/vimeo.com\/privacy\" target=\"_blank\" rel=\"noopener\">Privacy Policy<\/a><\/p>\n<p><strong>Google Maps (Google Inc)<\/strong><\/p>\n<p>Google Maps \u00e8 un servizio di visualizzazione di mappe gestito da Google Inc. che permette a questo sito web di integrare tali contenuti all\u2019interno delle proprie pagine.<br \/>\nDati personali raccolti: Cookie e Dati di utilizzo.<br \/>\nLuogo del trattamento : USA \u2013 <a href=\"http:\/\/www.google.it\/intl\/it\/policies\/privacy\/\" target=\"_blank\" rel=\"noopener\">Privacy Policy<\/a><\/p>\n<p><strong>Video Youtube (Google Inc)<\/strong><\/p>\n<p>Youtube \u00e8 un servizio di visualizzazione di contenuti video gestito da Google Inc. che permette a questo sito web di integrare tali contenuti all\u2019interno delle proprie pagine.<br \/>\nDati personali raccolti: Cookie e Dati di utilizzo.<br \/>\nLuogo del trattamento : USA \u2013 <a href=\"http:\/\/www.google.it\/intl\/it\/policies\/privacy\/\" target=\"_blank\" rel=\"noopener\">Privacy Policy<\/a><\/p>\n<p><strong>Instagram (Facebook Inc)<\/strong><\/p>\n<p>Instagram \u00e8 un servizio di visualizzazione di immagini gestito da Instagram, Inc. che permette a questo spazio online di integrare tali contenuti all\u2019interno delle proprie pagine.<br \/>\nDati personali raccolti: Cookie e Dati di utilizzo.<br \/>\nLuogo del trattamento : USA \u2013 <a href=\"http:\/\/instagram.com\/about\/legal\/privacy\/\" target=\"_blank\" rel=\"noopener\">Privacy Policy<\/a><\/p>\n<p><strong>Google AdSense (Google Inc.)<\/strong><\/p>\n<p>Google AdSense \u00e8 un servizio di pubblicit\u00e0 fornito da Google Inc. Questo servizio usa il Cookie \u201cDoubleclick\u201d, che traccia l\u2019utilizzo di questo sito web ed il comportamento dell\u2019utente in relazione agli annunci pubblicitari, ai prodotti e ai servizi offerti.<br \/>\nL\u2019utente pu\u00f2 decidere in qualsiasi momento di non usare il Cookie Doubleclick provvedendo alla sua disattivazione da <a href=\"http:\/\/google.com\/settings\/ads\/onweb\/optout?hl=it\" target=\"_blank\" rel=\"noopener\">questa pagina<\/a>.<br \/>\nDati personali raccolti: Cookie e Dati di utilizzo.<br \/>\nLuogo del trattamento : USA \u2013 <a href=\"http:\/\/google.com\/privacy\/ads\/\" target=\"_blank\" rel=\"noopener\">Privacy Policy<\/a><\/p>\n<h3>Gestione dei cookie<\/h3>\n<p>Le modalit\u00e0 di funzionamento nonch\u00e9 le opzioni per limitare o bloccare i cookie, possono essere determinate dall\u2019utente in qualsiasi momento modificando le impostazioni del proprio browser Internet.<\/p>\n<p>Di seguito si riportano le pagine informative riguardanti le modalit\u00e0 di gestione dei cookie per i principali browser utilizzati, dove verr\u00e0 indicato come accedere ad un pannello di controllo da cui \u00e8 possibile definire se accettare o meno i diversi tipi di cookie e procedere alla loro rimozione.<\/p>\n<p><strong><a href=\"https:\/\/support.google.com\/chrome\/answer\/95647?hl=it\" target=\"_blank\" rel=\"noopener\">Chrome<\/a><\/strong>, <strong><a href=\"https:\/\/support.mozilla.org\/it\/kb\/Gestione%20dei%20cookie\" target=\"_blank\" rel=\"noopener\">Firefox<\/a><\/strong>, <strong><a href=\"http:\/\/windows.microsoft.com\/it-it\/internet-explorer\/delete-manage-cookies#ie=ie-11\" target=\"_blank\" rel=\"noopener\">Microsoft Internet Explorer<\/a><\/strong>, <strong><a href=\"https:\/\/privacy.microsoft.com\/it-it\/windows-10-microsoft-edge-and-privacy\" target=\"_blank\" rel=\"noopener\">Microsoft Edge<\/a><\/strong>, <strong><a href=\"http:\/\/help.opera.com\/Windows\/10.00\/it\/cookies.html\" target=\"_blank\" rel=\"noopener\">Opera<\/a><\/strong>, <strong><a href=\"https:\/\/support.apple.com\/kb\/PH17191?locale=it_IT\" target=\"_blank\" rel=\"noopener\">Safari<\/a><\/strong><\/p>\n<p>Si precisa che la disabilitazione totale o parziale dei cookie tecnici pu\u00f2 compromettere l&#8217;utilizzo delle funzionalit\u00e0 del sito riservate agli utenti registrati. Al contrario, la fruibilit\u00e0 dei contenuti pubblici \u00e8 possibile anche disabilitando completamente i cookie. La disabilitazione dei cookie \u201cterze parti\u201d non pregiudica in alcun modo la navigabilit\u00e0.<\/p>\n<p><em>Documento aggiornato in data 19\/10\/2020<\/em><\/p>\n","protected":false},"excerpt":{"rendered":"<p>Informativa estesa sulla Privacy e sui Cookie Questa informativa \u00e8 fornita, ai sensi dell\u2019art. 13 del d.lgs. n. 196\/2003 e [&hellip;]<\/p>\n","protected":false},"author":1,"featured_media":0,"parent":0,"menu_order":0,"comment_status":"closed","ping_status":"open","template":"","meta":[],"_links":{"self":[{"href":"https:\/\/www.jmenu.it\/takeaway-delivery-per-ristoranti-pizzerie\/wp-json\/wp\/v2\/pages\/3"}],"collection":[{"href":"https:\/\/www.jmenu.it\/takeaway-delivery-per-ristoranti-pizzerie\/wp-json\/wp\/v2\/pages"}],"about":[{"href":"https:\/\/www.jmenu.it\/takeaway-delivery-per-ristoranti-pizzerie\/wp-json\/wp\/v2\/types\/page"}],"author":[{"embeddable":true,"href":"https:\/\/www.jmenu.it\/takeaway-delivery-per-ristoranti-pizzerie\/wp-json\/wp\/v2\/users\/1"}],"replies":[{"embeddable":true,"href":"https:\/\/www.jmenu.it\/takeaway-delivery-per-ristoranti-pizzerie\/wp-json\/wp\/v2\/comments?post=3"}],"version-history":[{"count":3,"href":"https:\/\/www.jmenu.it\/takeaway-delivery-per-ristoranti-pizzerie\/wp-json\/wp\/v2\/pages\/3\/revisions"}],"predecessor-version":[{"id":313,"href":"https:\/\/www.jmenu.it\/takeaway-delivery-per-ristoranti-pizzerie\/wp-json\/wp\/v2\/pages\/3\/revisions\/313"}],"wp:attachment":[{"href":"https:\/\/www.jmenu.it\/takeaway-delivery-per-ristoranti-pizzerie\/wp-json\/wp\/v2\/media?parent=3"}],"curies":[{"name":"wp","href":"https:\/\/api.w.org\/{rel}","templated":true}]}}